{"id":111,"date":"2021-12-02T20:34:34","date_gmt":"2021-12-02T20:34:34","guid":{"rendered":"https:\/\/carlosalberto.pro.br\/novo\/?page_id=111"},"modified":"2021-12-21T03:59:36","modified_gmt":"2021-12-21T03:59:36","slug":"__trashed","status":"publish","type":"page","link":"https:\/\/carlosalberto.pro.br\/novo\/__trashed\/","title":{"rendered":"Livros e Publica\u00e7\u00f5es"},"content":{"rendered":"\t\t<div data-elementor-type=\"wp-page\" data-elementor-id=\"111\" class=\"elementor elementor-111\" data-elementor-post-type=\"page\">\n\t\t\t\t\t\t<section class=\"elementor-section elementor-top-section elementor-element elementor-element-a8caf3d elementor-section-boxed elementor-section-height-default elementor-section-height-default\" data-id=\"a8caf3d\" data-element_type=\"section\">\n\t\t\t\t\t\t<div class=\"elementor-container elementor-column-gap-default\">\n\t\t\t\t\t<div class=\"elementor-column elementor-col-100 elementor-top-column elementor-element elementor-element-6634af8\" data-id=\"6634af8\" data-element_type=\"column\">\n\t\t\t<div class=\"elementor-widget-wrap elementor-element-populated\">\n\t\t\t\t\t\t<div class=\"elementor-element elementor-element-692bec1 elementor-widget elementor-widget-image\" data-id=\"692bec1\" data-element_type=\"widget\" data-widget_type=\"image.default\">\n\t\t\t\t<div class=\"elementor-widget-container\">\n\t\t\t\t\t\t\t\t\t\t\t\t\t\t\t<img fetchpriority=\"high\" decoding=\"async\" width=\"1000\" height=\"488\" src=\"https:\/\/carlosalberto.pro.br\/novo\/wp-content\/uploads\/2021\/12\/livros.png\" class=\"attachment-full size-full wp-image-121\" alt=\"\" srcset=\"https:\/\/carlosalberto.pro.br\/novo\/wp-content\/uploads\/2021\/12\/livros.png 1000w, https:\/\/carlosalberto.pro.br\/novo\/wp-content\/uploads\/2021\/12\/livros-300x146.png 300w, https:\/\/carlosalberto.pro.br\/novo\/wp-content\/uploads\/2021\/12\/livros-768x375.png 768w\" sizes=\"(max-width: 1000px) 100vw, 1000px\" \/>\t\t\t\t\t\t\t\t\t\t\t\t\t\t\t<\/div>\n\t\t\t\t<\/div>\n\t\t\t\t\t<\/div>\n\t\t<\/div>\n\t\t\t\t\t<\/div>\n\t\t<\/section>\n\t\t\t\t<section class=\"elementor-section elementor-top-section elementor-element elementor-element-6b467f3 elementor-hidden-tablet elementor-hidden-mobile elementor-section-boxed elementor-section-height-default elementor-section-height-default\" data-id=\"6b467f3\" data-element_type=\"section\" data-settings=\"{&quot;background_background&quot;:&quot;classic&quot;}\">\n\t\t\t\t\t\t<div class=\"elementor-container elementor-column-gap-default\">\n\t\t\t\t\t<div class=\"elementor-column elementor-col-50 elementor-top-column elementor-element elementor-element-e2165c2\" data-id=\"e2165c2\" data-element_type=\"column\" data-settings=\"{&quot;background_background&quot;:&quot;classic&quot;}\">\n\t\t\t<div class=\"elementor-widget-wrap elementor-element-populated\">\n\t\t\t\t\t\t<div class=\"elementor-element elementor-element-4c21403 elementor-widget elementor-widget-button\" data-id=\"4c21403\" data-element_type=\"widget\" data-widget_type=\"button.default\">\n\t\t\t\t<div class=\"elementor-widget-container\">\n\t\t\t\t\t\t\t\t\t<div class=\"elementor-button-wrapper\">\n\t\t\t\t\t<a class=\"elementor-button elementor-button-link elementor-size-sm\" href=\"https:\/\/carlosalberto.pro.br\/novo\">\n\t\t\t\t\t\t<span class=\"elementor-button-content-wrapper\">\n\t\t\t\t\t\t\t\t\t<span class=\"elementor-button-text\">&lt;&lt;&lt; Voltar<\/span>\n\t\t\t\t\t<\/span>\n\t\t\t\t\t<\/a>\n\t\t\t\t<\/div>\n\t\t\t\t\t\t\t\t<\/div>\n\t\t\t\t<\/div>\n\t\t\t\t\t<\/div>\n\t\t<\/div>\n\t\t\t\t<div class=\"elementor-column elementor-col-50 elementor-top-column elementor-element elementor-element-788a175\" data-id=\"788a175\" data-element_type=\"column\" data-settings=\"{&quot;background_background&quot;:&quot;classic&quot;}\">\n\t\t\t<div class=\"elementor-widget-wrap elementor-element-populated\">\n\t\t\t\t\t\t<div class=\"elementor-element elementor-element-7ea9ec9 elementor-grid-1 elementor-posts--thumbnail-left elementor-grid-tablet-2 elementor-grid-mobile-1 elementor-widget elementor-widget-posts\" data-id=\"7ea9ec9\" data-element_type=\"widget\" data-settings=\"{&quot;classic_columns&quot;:&quot;1&quot;,&quot;classic_columns_tablet&quot;:&quot;2&quot;,&quot;classic_columns_mobile&quot;:&quot;1&quot;,&quot;classic_row_gap&quot;:{&quot;unit&quot;:&quot;px&quot;,&quot;size&quot;:35,&quot;sizes&quot;:[]},&quot;classic_row_gap_tablet&quot;:{&quot;unit&quot;:&quot;px&quot;,&quot;size&quot;:&quot;&quot;,&quot;sizes&quot;:[]},&quot;classic_row_gap_mobile&quot;:{&quot;unit&quot;:&quot;px&quot;,&quot;size&quot;:&quot;&quot;,&quot;sizes&quot;:[]}}\" data-widget_type=\"posts.classic\">\n\t\t\t\t<div class=\"elementor-widget-container\">\n\t\t\t\t\t\t\t<div class=\"elementor-posts-container elementor-posts elementor-posts--skin-classic elementor-grid\">\n\t\t\t\t<article class=\"elementor-post elementor-grid-item post-696 post type-post status-publish format-standard has-post-thumbnail hentry category-livros-e-publicacoes\">\n\t\t\t\t<a class=\"elementor-post__thumbnail__link\" href=\"https:\/\/carlosalberto.pro.br\/novo\/2021\/12\/21\/introducao-a-economia-da-educacao\/\" tabindex=\"-1\" >\n\t\t\t<div class=\"elementor-post__thumbnail\"><img decoding=\"async\" width=\"195\" height=\"300\" src=\"https:\/\/carlosalberto.pro.br\/novo\/wp-content\/uploads\/2021\/12\/41i2N5MRdGS._SX323_BO1204203200_-195x300.jpg\" class=\"attachment-medium size-medium wp-image-697\" alt=\"\" srcset=\"https:\/\/carlosalberto.pro.br\/novo\/wp-content\/uploads\/2021\/12\/41i2N5MRdGS._SX323_BO1204203200_-195x300.jpg 195w, https:\/\/carlosalberto.pro.br\/novo\/wp-content\/uploads\/2021\/12\/41i2N5MRdGS._SX323_BO1204203200_.jpg 325w\" sizes=\"(max-width: 195px) 100vw, 195px\" \/><\/div>\n\t\t<\/a>\n\t\t\t\t<div class=\"elementor-post__text\">\n\t\t\t\t<h3 class=\"elementor-post__title\">\n\t\t\t<a href=\"https:\/\/carlosalberto.pro.br\/novo\/2021\/12\/21\/introducao-a-economia-da-educacao\/\" >\n\t\t\t\tIntrodu\u00e7\u00e3o \u00c0 Economia Da Educa\u00e7\u00e3o\t\t\t<\/a>\n\t\t<\/h3>\n\t\t\t\t<div class=\"elementor-post__excerpt\">\n\t\t\t<p>Apreciar a educa\u00e7\u00e3o conforme o conceito econ\u00f4mico \u00e9 uma tend\u00eancia que parece irrevers\u00edvel. Se historicamente a irradia\u00e7\u00e3o de conhecimentos e valores era assumida como, exclusivamente, intr\u00ednseca ao processo civilizat\u00f3rio, seus desdobramentos em termos de impactos sobre par\u00e2metros econ\u00f4micos (como crescimento) foi, paulatinamente, ocupando um espa\u00e7o, hoje, preponderante. Os objetivos das iniciativas na \u00e1rea da educa\u00e7\u00e3o (tanto em termos quantitativos como<\/p>\n\t\t<\/div>\n\t\t\n\t\t<a class=\"elementor-post__read-more\" href=\"https:\/\/carlosalberto.pro.br\/novo\/2021\/12\/21\/introducao-a-economia-da-educacao\/\" aria-label=\"Read more about Introdu\u00e7\u00e3o \u00c0 Economia Da Educa\u00e7\u00e3o\" tabindex=\"-1\" >\n\t\t\tSaiba mais \u00bb\t\t<\/a>\n\n\t\t\t\t<\/div>\n\t\t\t\t<\/article>\n\t\t\t\t<article class=\"elementor-post elementor-grid-item post-693 post type-post status-publish format-standard has-post-thumbnail hentry category-livros-e-publicacoes\">\n\t\t\t\t<a class=\"elementor-post__thumbnail__link\" href=\"https:\/\/carlosalberto.pro.br\/novo\/2021\/12\/21\/economia-do-trabalho-modelos-teoricos-e-o-debate-no-brasil-2\/\" tabindex=\"-1\" >\n\t\t\t<div class=\"elementor-post__thumbnail\"><img decoding=\"async\" width=\"219\" height=\"300\" src=\"https:\/\/carlosalberto.pro.br\/novo\/wp-content\/uploads\/2021\/12\/51pu3HjNL._SX362_BO1204203200_-219x300.jpg\" class=\"attachment-medium size-medium wp-image-694\" alt=\"\" srcset=\"https:\/\/carlosalberto.pro.br\/novo\/wp-content\/uploads\/2021\/12\/51pu3HjNL._SX362_BO1204203200_-219x300.jpg 219w, https:\/\/carlosalberto.pro.br\/novo\/wp-content\/uploads\/2021\/12\/51pu3HjNL._SX362_BO1204203200_.jpg 364w\" sizes=\"(max-width: 219px) 100vw, 219px\" \/><\/div>\n\t\t<\/a>\n\t\t\t\t<div class=\"elementor-post__text\">\n\t\t\t\t<h3 class=\"elementor-post__title\">\n\t\t\t<a href=\"https:\/\/carlosalberto.pro.br\/novo\/2021\/12\/21\/economia-do-trabalho-modelos-teoricos-e-o-debate-no-brasil-2\/\" >\n\t\t\t\tEconomia do trabalho: modelos te\u00f3ricos e o debate no brasil\t\t\t<\/a>\n\t\t<\/h3>\n\t\t\t\t<div class=\"elementor-post__excerpt\">\n\t\t\t<p>O presente livro articula a apresenta\u00e7\u00e3o de fundamentos anal\u00edticos com temas particulares do Brasil, como as pol\u00edticas de emprego financiadas com recursos do FAT, a CLT, etc. O seu objetivo consiste em referenciar, analiticamente, aspectos que hoje fazem parte da agenda (desemprego, pobreza, distribui\u00e7\u00e3o, etc.) e est\u00e1 dividido em tr\u00eas partes: an\u00e1lise microecon\u00f4mica, modelos macro e, por \u00faltimo, s\u00e3o abordados<\/p>\n\t\t<\/div>\n\t\t\n\t\t<a class=\"elementor-post__read-more\" href=\"https:\/\/carlosalberto.pro.br\/novo\/2021\/12\/21\/economia-do-trabalho-modelos-teoricos-e-o-debate-no-brasil-2\/\" aria-label=\"Read more about Economia do trabalho: modelos te\u00f3ricos e o debate no brasil\" tabindex=\"-1\" >\n\t\t\tSaiba mais \u00bb\t\t<\/a>\n\n\t\t\t\t<\/div>\n\t\t\t\t<\/article>\n\t\t\t\t<article class=\"elementor-post elementor-grid-item post-125 post type-post status-publish format-standard has-post-thumbnail hentry category-livros-e-publicacoes\">\n\t\t\t\t<a class=\"elementor-post__thumbnail__link\" href=\"https:\/\/carlosalberto.pro.br\/novo\/2021\/12\/02\/economia-do-trabalho-modelos-teoricos-e-o-debate-no-brasil\/\" tabindex=\"-1\" >\n\t\t\t<div class=\"elementor-post__thumbnail\"><img loading=\"lazy\" decoding=\"async\" width=\"197\" height=\"281\" src=\"https:\/\/carlosalberto.pro.br\/novo\/wp-content\/uploads\/2021\/12\/Camada-1.png\" class=\"attachment-medium size-medium wp-image-126\" alt=\"\" \/><\/div>\n\t\t<\/a>\n\t\t\t\t<div class=\"elementor-post__text\">\n\t\t\t\t<h3 class=\"elementor-post__title\">\n\t\t\t<a href=\"https:\/\/carlosalberto.pro.br\/novo\/2021\/12\/02\/economia-do-trabalho-modelos-teoricos-e-o-debate-no-brasil\/\" >\n\t\t\t\tEconomia da felicidade: rumo a uma nova medi\u00e7\u00e3o da prosperidade das na\u00e7\u00f5es\t\t\t<\/a>\n\t\t<\/h3>\n\t\t\t\t<div class=\"elementor-post__excerpt\">\n\t\t\t<p>Os fatores que suscitam uma sensa\u00e7\u00e3o de felicidade nas pessoas s\u00e3o usualmente associados a debates e pesquisas no campo da filosofia, psicologia ou sociologia. A economia, contrariamente, direcionaria seu olhar a dimens\u00f5es mais materiais, como n\u00edvel e crescimento do PIB, distribui\u00e7\u00e3o de renda, efici\u00eancia na aloca\u00e7\u00e3o de recursos etc. Essa dicotomia n\u00e3o parece totalmente precisa. Men\u00e7\u00f5es \u00e0 felicidade como um<\/p>\n\t\t<\/div>\n\t\t\n\t\t<a class=\"elementor-post__read-more\" href=\"https:\/\/carlosalberto.pro.br\/novo\/2021\/12\/02\/economia-do-trabalho-modelos-teoricos-e-o-debate-no-brasil\/\" aria-label=\"Read more about Economia da felicidade: rumo a uma nova medi\u00e7\u00e3o da prosperidade das na\u00e7\u00f5es\" tabindex=\"-1\" >\n\t\t\tSaiba mais \u00bb\t\t<\/a>\n\n\t\t\t\t<\/div>\n\t\t\t\t<\/article>\n\t\t\t\t<\/div>\n\t\t\n\t\t\t\t\t\t<\/div>\n\t\t\t\t<\/div>\n\t\t\t\t\t<\/div>\n\t\t<\/div>\n\t\t\t\t\t<\/div>\n\t\t<\/section>\n\t\t\t\t<section class=\"elementor-section elementor-top-section elementor-element elementor-element-ef467ee elementor-hidden-desktop elementor-section-boxed elementor-section-height-default elementor-section-height-default\" data-id=\"ef467ee\" data-element_type=\"section\" data-settings=\"{&quot;background_background&quot;:&quot;classic&quot;}\">\n\t\t\t\t\t\t<div class=\"elementor-container elementor-column-gap-default\">\n\t\t\t\t\t<div class=\"elementor-column elementor-col-50 elementor-top-column elementor-element elementor-element-e170ac3\" data-id=\"e170ac3\" data-element_type=\"column\" data-settings=\"{&quot;background_background&quot;:&quot;classic&quot;}\">\n\t\t\t<div class=\"elementor-widget-wrap elementor-element-populated\">\n\t\t\t\t\t\t\t<\/div>\n\t\t<\/div>\n\t\t\t\t<div class=\"elementor-column elementor-col-50 elementor-top-column elementor-element elementor-element-077489e\" data-id=\"077489e\" data-element_type=\"column\" data-settings=\"{&quot;background_background&quot;:&quot;classic&quot;}\">\n\t\t\t<div class=\"elementor-widget-wrap elementor-element-populated\">\n\t\t\t\t\t\t<div class=\"elementor-element elementor-element-4690dd8 elementor-grid-1 elementor-grid-tablet-2 elementor-grid-mobile-1 elementor-posts--thumbnail-top elementor-widget elementor-widget-posts\" data-id=\"4690dd8\" data-element_type=\"widget\" data-settings=\"{&quot;classic_columns&quot;:&quot;1&quot;,&quot;classic_row_gap_mobile&quot;:{&quot;unit&quot;:&quot;px&quot;,&quot;size&quot;:0,&quot;sizes&quot;:[]},&quot;classic_columns_tablet&quot;:&quot;2&quot;,&quot;classic_columns_mobile&quot;:&quot;1&quot;,&quot;classic_row_gap&quot;:{&quot;unit&quot;:&quot;px&quot;,&quot;size&quot;:35,&quot;sizes&quot;:[]},&quot;classic_row_gap_tablet&quot;:{&quot;unit&quot;:&quot;px&quot;,&quot;size&quot;:&quot;&quot;,&quot;sizes&quot;:[]}}\" data-widget_type=\"posts.classic\">\n\t\t\t\t<div class=\"elementor-widget-container\">\n\t\t\t\t\t\t\t<div class=\"elementor-posts-container elementor-posts elementor-posts--skin-classic elementor-grid\">\n\t\t\t\t<article class=\"elementor-post elementor-grid-item post-696 post type-post status-publish format-standard has-post-thumbnail hentry category-livros-e-publicacoes\">\n\t\t\t\t<a class=\"elementor-post__thumbnail__link\" href=\"https:\/\/carlosalberto.pro.br\/novo\/2021\/12\/21\/introducao-a-economia-da-educacao\/\" tabindex=\"-1\" >\n\t\t\t<div class=\"elementor-post__thumbnail\"><img decoding=\"async\" width=\"195\" height=\"300\" src=\"https:\/\/carlosalberto.pro.br\/novo\/wp-content\/uploads\/2021\/12\/41i2N5MRdGS._SX323_BO1204203200_-195x300.jpg\" class=\"attachment-medium size-medium wp-image-697\" alt=\"\" srcset=\"https:\/\/carlosalberto.pro.br\/novo\/wp-content\/uploads\/2021\/12\/41i2N5MRdGS._SX323_BO1204203200_-195x300.jpg 195w, https:\/\/carlosalberto.pro.br\/novo\/wp-content\/uploads\/2021\/12\/41i2N5MRdGS._SX323_BO1204203200_.jpg 325w\" sizes=\"(max-width: 195px) 100vw, 195px\" \/><\/div>\n\t\t<\/a>\n\t\t\t\t<div class=\"elementor-post__text\">\n\t\t\t\t<h3 class=\"elementor-post__title\">\n\t\t\t<a href=\"https:\/\/carlosalberto.pro.br\/novo\/2021\/12\/21\/introducao-a-economia-da-educacao\/\" >\n\t\t\t\tIntrodu\u00e7\u00e3o \u00c0 Economia Da Educa\u00e7\u00e3o\t\t\t<\/a>\n\t\t<\/h3>\n\t\t\t\t<div class=\"elementor-post__excerpt\">\n\t\t\t<p>Apreciar a educa\u00e7\u00e3o conforme o conceito econ\u00f4mico \u00e9 uma tend\u00eancia que parece irrevers\u00edvel. Se historicamente a irradia\u00e7\u00e3o de conhecimentos e valores era assumida como, exclusivamente, intr\u00ednseca ao processo civilizat\u00f3rio, seus desdobramentos em termos de impactos sobre par\u00e2metros econ\u00f4micos (como crescimento) foi, paulatinamente, ocupando um espa\u00e7o, hoje, preponderante. Os objetivos das iniciativas na \u00e1rea da educa\u00e7\u00e3o (tanto em termos quantitativos como<\/p>\n\t\t<\/div>\n\t\t\n\t\t<a class=\"elementor-post__read-more\" href=\"https:\/\/carlosalberto.pro.br\/novo\/2021\/12\/21\/introducao-a-economia-da-educacao\/\" aria-label=\"Read more about Introdu\u00e7\u00e3o \u00c0 Economia Da Educa\u00e7\u00e3o\" tabindex=\"-1\" >\n\t\t\tSaiba mais \u00bb\t\t<\/a>\n\n\t\t\t\t<\/div>\n\t\t\t\t<\/article>\n\t\t\t\t<article class=\"elementor-post elementor-grid-item post-693 post type-post status-publish format-standard has-post-thumbnail hentry category-livros-e-publicacoes\">\n\t\t\t\t<a class=\"elementor-post__thumbnail__link\" href=\"https:\/\/carlosalberto.pro.br\/novo\/2021\/12\/21\/economia-do-trabalho-modelos-teoricos-e-o-debate-no-brasil-2\/\" tabindex=\"-1\" >\n\t\t\t<div class=\"elementor-post__thumbnail\"><img decoding=\"async\" width=\"219\" height=\"300\" src=\"https:\/\/carlosalberto.pro.br\/novo\/wp-content\/uploads\/2021\/12\/51pu3HjNL._SX362_BO1204203200_-219x300.jpg\" class=\"attachment-medium size-medium wp-image-694\" alt=\"\" srcset=\"https:\/\/carlosalberto.pro.br\/novo\/wp-content\/uploads\/2021\/12\/51pu3HjNL._SX362_BO1204203200_-219x300.jpg 219w, https:\/\/carlosalberto.pro.br\/novo\/wp-content\/uploads\/2021\/12\/51pu3HjNL._SX362_BO1204203200_.jpg 364w\" sizes=\"(max-width: 219px) 100vw, 219px\" \/><\/div>\n\t\t<\/a>\n\t\t\t\t<div class=\"elementor-post__text\">\n\t\t\t\t<h3 class=\"elementor-post__title\">\n\t\t\t<a href=\"https:\/\/carlosalberto.pro.br\/novo\/2021\/12\/21\/economia-do-trabalho-modelos-teoricos-e-o-debate-no-brasil-2\/\" >\n\t\t\t\tEconomia do trabalho: modelos te\u00f3ricos e o debate no brasil\t\t\t<\/a>\n\t\t<\/h3>\n\t\t\t\t<div class=\"elementor-post__excerpt\">\n\t\t\t<p>O presente livro articula a apresenta\u00e7\u00e3o de fundamentos anal\u00edticos com temas particulares do Brasil, como as pol\u00edticas de emprego financiadas com recursos do FAT, a CLT, etc. O seu objetivo consiste em referenciar, analiticamente, aspectos que hoje fazem parte da agenda (desemprego, pobreza, distribui\u00e7\u00e3o, etc.) e est\u00e1 dividido em tr\u00eas partes: an\u00e1lise microecon\u00f4mica, modelos macro e, por \u00faltimo, s\u00e3o abordados<\/p>\n\t\t<\/div>\n\t\t\n\t\t<a class=\"elementor-post__read-more\" href=\"https:\/\/carlosalberto.pro.br\/novo\/2021\/12\/21\/economia-do-trabalho-modelos-teoricos-e-o-debate-no-brasil-2\/\" aria-label=\"Read more about Economia do trabalho: modelos te\u00f3ricos e o debate no brasil\" tabindex=\"-1\" >\n\t\t\tSaiba mais \u00bb\t\t<\/a>\n\n\t\t\t\t<\/div>\n\t\t\t\t<\/article>\n\t\t\t\t<article class=\"elementor-post elementor-grid-item post-125 post type-post status-publish format-standard has-post-thumbnail hentry category-livros-e-publicacoes\">\n\t\t\t\t<a class=\"elementor-post__thumbnail__link\" href=\"https:\/\/carlosalberto.pro.br\/novo\/2021\/12\/02\/economia-do-trabalho-modelos-teoricos-e-o-debate-no-brasil\/\" tabindex=\"-1\" >\n\t\t\t<div class=\"elementor-post__thumbnail\"><img loading=\"lazy\" decoding=\"async\" width=\"197\" height=\"281\" src=\"https:\/\/carlosalberto.pro.br\/novo\/wp-content\/uploads\/2021\/12\/Camada-1.png\" class=\"attachment-medium size-medium wp-image-126\" alt=\"\" \/><\/div>\n\t\t<\/a>\n\t\t\t\t<div class=\"elementor-post__text\">\n\t\t\t\t<h3 class=\"elementor-post__title\">\n\t\t\t<a href=\"https:\/\/carlosalberto.pro.br\/novo\/2021\/12\/02\/economia-do-trabalho-modelos-teoricos-e-o-debate-no-brasil\/\" >\n\t\t\t\tEconomia da felicidade: rumo a uma nova medi\u00e7\u00e3o da prosperidade das na\u00e7\u00f5es\t\t\t<\/a>\n\t\t<\/h3>\n\t\t\t\t<div class=\"elementor-post__excerpt\">\n\t\t\t<p>Os fatores que suscitam uma sensa\u00e7\u00e3o de felicidade nas pessoas s\u00e3o usualmente associados a debates e pesquisas no campo da filosofia, psicologia ou sociologia. A economia, contrariamente, direcionaria seu olhar a dimens\u00f5es mais materiais, como n\u00edvel e crescimento do PIB, distribui\u00e7\u00e3o de renda, efici\u00eancia na aloca\u00e7\u00e3o de recursos etc. Essa dicotomia n\u00e3o parece totalmente precisa. Men\u00e7\u00f5es \u00e0 felicidade como um<\/p>\n\t\t<\/div>\n\t\t\n\t\t<a class=\"elementor-post__read-more\" href=\"https:\/\/carlosalberto.pro.br\/novo\/2021\/12\/02\/economia-do-trabalho-modelos-teoricos-e-o-debate-no-brasil\/\" aria-label=\"Read more about Economia da felicidade: rumo a uma nova medi\u00e7\u00e3o da prosperidade das na\u00e7\u00f5es\" tabindex=\"-1\" >\n\t\t\tSaiba mais \u00bb\t\t<\/a>\n\n\t\t\t\t<\/div>\n\t\t\t\t<\/article>\n\t\t\t\t<\/div>\n\t\t\n\t\t\t\t\t\t<\/div>\n\t\t\t\t<\/div>\n\t\t\t\t<div class=\"elementor-element elementor-element-4632191 elementor-widget elementor-widget-button\" data-id=\"4632191\" data-element_type=\"widget\" data-widget_type=\"button.default\">\n\t\t\t\t<div class=\"elementor-widget-container\">\n\t\t\t\t\t\t\t\t\t<div class=\"elementor-button-wrapper\">\n\t\t\t\t\t<a class=\"elementor-button elementor-button-link elementor-size-sm\" href=\"https:\/\/carlosalberto.pro.br\/novo\">\n\t\t\t\t\t\t<span class=\"elementor-button-content-wrapper\">\n\t\t\t\t\t\t\t\t\t<span class=\"elementor-button-text\">&lt;&lt;&lt; Voltar<\/span>\n\t\t\t\t\t<\/span>\n\t\t\t\t\t<\/a>\n\t\t\t\t<\/div>\n\t\t\t\t\t\t\t\t<\/div>\n\t\t\t\t<\/div>\n\t\t\t\t\t<\/div>\n\t\t<\/div>\n\t\t\t\t\t<\/div>\n\t\t<\/section>\n\t\t\t\t<\/div>\n\t\t","protected":false},"excerpt":{"rendered":"","protected":false},"author":1,"featured_media":0,"parent":0,"menu_order":0,"comment_status":"closed","ping_status":"closed","template":"elementor_header_footer","meta":{"footnotes":""},"class_list":["post-111","page","type-page","status-publish","hentry"],"_links":{"self":[{"href":"https:\/\/carlosalberto.pro.br\/novo\/wp-json\/wp\/v2\/pages\/111","targetHints":{"allow":["GET"]}}],"collection":[{"href":"https:\/\/carlosalberto.pro.br\/novo\/wp-json\/wp\/v2\/pages"}],"about":[{"href":"https:\/\/carlosalberto.pro.br\/novo\/wp-json\/wp\/v2\/types\/page"}],"author":[{"embeddable":true,"href":"https:\/\/carlosalberto.pro.br\/novo\/wp-json\/wp\/v2\/users\/1"}],"replies":[{"embeddable":true,"href":"https:\/\/carlosalberto.pro.br\/novo\/wp-json\/wp\/v2\/comments?post=111"}],"version-history":[{"count":26,"href":"https:\/\/carlosalberto.pro.br\/novo\/wp-json\/wp\/v2\/pages\/111\/revisions"}],"predecessor-version":[{"id":706,"href":"https:\/\/carlosalberto.pro.br\/novo\/wp-json\/wp\/v2\/pages\/111\/revisions\/706"}],"wp:attachment":[{"href":"https:\/\/carlosalberto.pro.br\/novo\/wp-json\/wp\/v2\/media?parent=111"}],"curies":[{"name":"wp","href":"https:\/\/api.w.org\/{rel}","templated":true}]}}